{"id":9,"date":"2014-08-05T07:18:33","date_gmt":"2014-08-05T07:18:33","guid":{"rendered":"http:\/\/ipsp.si\/?page_id=9"},"modified":"2014-09-07T10:16:33","modified_gmt":"2014-09-07T10:16:33","slug":"vodstvo","status":"publish","type":"page","link":"http:\/\/ipsp.si\/?page_id=9","title":{"rendered":"Vodstvo"},"content":{"rendered":"<p><strong>Predstojnica in\u0161tituta<\/strong>: <em>Zuzanna Kraskova<\/em>,<em> mag. psih.soc. pom.<br \/>\n<\/em>\u00a0 \u00a0 \u00a0 \u00a0 \u00a0 \u00a0 \u00a0 \u00a0 \u00a0 \u00a0 \u00a0 \u00a0 \u00a0 \u00a0 \u00a0 \u00a0 \u00a0 \u00a0 \u00a0\u00a0<a href=\"mailto:zuzanna.kraskova@ipsp.si\" target=\"_blank\">zuzanna.kraskova@ipsp.si<\/a><\/p>\n<p>Kraskova je v Sloveniji \u017eive\u010da Slovakinja, pesnica, pisateljica, kolumnistka, prevajalka, ateljejska slikarka in psihoterapevtka. \u0160tudirala je psihologijo in organizacijo socialne mre\u017ee, diplomirala je tudi iz socialnega mened\u017ementa in vodenja. V okviru podiplomskega \u0161tudija psihosocialne pomo\u010di je magistrirala iz kognitivno vedenjske psihoterapije. Iz sorodnih vsebin opravlja doktorski \u0161tudij. Poleg ustvarjanja dela na In\u0161titutu za psihosocialno pomo\u010d kot raziskovalka, psihoterapevtka in svetovalka na podro\u010dju psihosocialne pomo\u010di. Dela tudi kot prostovoljska psihoterapevtka v Dru\u0161tvu Kralji ulice, v zdravstveni ambulanti Pro bono ter v razli\u010dnih dru\u0161tvih za samopomo\u010d. V zavodih za prestajanje kazni zapora (ZPKZ) je v letih 2009\/2010 poleg psihosocialnega svetovanja vodila tudi delavnice kreativnega pisanja. V okviru magistrskega \u0161tudija je uspe\u0161no opravila tudi prakti\u010dno izobra\u017eevanje iz podro\u010dja psihopatologije v psihiatri\u010dnih ustanovah pri nas in v tujini. Je \u010dlanica Dru\u0161tva slovenskih pisateljev in poleg leposlovja pi\u0161e tudi strokovne \u010dlanke in \u0161tudije iz podro\u010dja psihosocialnih in dru\u017ebeno-politi\u010dnih razmer.<\/p>\n<p><img loading=\"lazy\" class=\"aligncenter wp-image-33\" src=\"http:\/\/ipsp.si\/wp-content\/uploads\/2014\/08\/zuzanna_kraskova-1024x682.jpg\" alt=\"zuzanna_kraskova\" width=\"700\" height=\"467\" srcset=\"http:\/\/ipsp.si\/wp-content\/uploads\/2014\/08\/zuzanna_kraskova-1024x682.jpg 1024w, http:\/\/ipsp.si\/wp-content\/uploads\/2014\/08\/zuzanna_kraskova-300x200.jpg 300w, http:\/\/ipsp.si\/wp-content\/uploads\/2014\/08\/zuzanna_kraskova.jpg 1386w\" sizes=\"(max-width: 700px) 100vw, 700px\" \/><\/p>\n<p style=\"text-align: left;\">\n<p style=\"text-align: left;\">\n<p style=\"text-align: left;\"><strong>Tehni\u010dna in izvedbena podpora:<\/strong> <em>Bo\u0161ko Govednik, programer analitik<\/em><\/p>\n<p style=\"text-align: left;\">\u00a0\u00a0\u00a0\u00a0\u00a0\u00a0\u00a0\u00a0\u00a0\u00a0\u00a0\u00a0\u00a0\u00a0\u00a0\u00a0\u00a0\u00a0\u00a0\u00a0\u00a0\u00a0\u00a0\u00a0\u00a0\u00a0\u00a0\u00a0\u00a0\u00a0\u00a0\u00a0\u00a0\u00a0\u00a0\u00a0\u00a0\u00a0\u00a0\u00a0\u00a0\u00a0\u00a0\u00a0\u00a0\u00a0\u00a0\u00a0\u00a0<em> bosko.govednik@ipsp.si<\/em><\/p>\n<p style=\"text-align: left;\">S Kognita in\u0161titutom sodeluje od njegove ustanovitve. Njegovo delo zajema tehni\u010dno, ra\u010dunalni\u0161ko, oblikovno in izvedbeno podporo.<\/p>\n<p style=\"text-align: left;\"><strong>Sodelavci pri izvedbi projektov<\/strong>: <em>dr. Mateja Beden\u010di\u010d<\/em>, <em>mag. Andreja Hrovati\u010d, mag. Urban Herzog.<\/em><\/p>\n","protected":false},"excerpt":{"rendered":"<p>Predstojnica in\u0161tituta: Zuzanna Kraskova, mag. psih.soc. pom. \u00a0 \u00a0 \u00a0 \u00a0 \u00a0 \u00a0 \u00a0 \u00a0 \u00a0 \u00a0 \u00a0 \u00a0 \u00a0 \u00a0 \u00a0 \u00a0 \u00a0 \u00a0 \u00a0\u00a0zuzanna.kraskova@ipsp.si Kraskova je v Sloveniji \u017eive\u010da Slovakinja, pesnica, pisateljica, kolumnistka, prevajalka, ateljejska slikarka in psihoterapevtka. \u0160tudirala je psihologijo in organizacijo socialne mre\u017ee, diplomirala je tudi iz socialnega mened\u017ementa in vodenja. [&hellip;]<\/p>\n","protected":false},"author":1,"featured_media":0,"parent":0,"menu_order":0,"comment_status":"closed","ping_status":"closed","template":"","meta":[],"_links":{"self":[{"href":"http:\/\/ipsp.si\/index.php?rest_route=\/wp\/v2\/pages\/9"}],"collection":[{"href":"http:\/\/ipsp.si\/index.php?rest_route=\/wp\/v2\/pages"}],"about":[{"href":"http:\/\/ipsp.si\/index.php?rest_route=\/wp\/v2\/types\/page"}],"author":[{"embeddable":true,"href":"http:\/\/ipsp.si\/index.php?rest_route=\/wp\/v2\/users\/1"}],"replies":[{"embeddable":true,"href":"http:\/\/ipsp.si\/index.php?rest_route=%2Fwp%2Fv2%2Fcomments&post=9"}],"version-history":[{"count":14,"href":"http:\/\/ipsp.si\/index.php?rest_route=\/wp\/v2\/pages\/9\/revisions"}],"predecessor-version":[{"id":81,"href":"http:\/\/ipsp.si\/index.php?rest_route=\/wp\/v2\/pages\/9\/revisions\/81"}],"wp:attachment":[{"href":"http:\/\/ipsp.si\/index.php?rest_route=%2Fwp%2Fv2%2Fmedia&parent=9"}],"curies":[{"name":"wp","href":"https:\/\/api.w.org\/{rel}","templated":true}]}}