{"id":7,"date":"2014-08-05T07:18:17","date_gmt":"2014-08-05T07:18:17","guid":{"rendered":"http:\/\/ipsp.si\/?page_id=7"},"modified":"2014-09-07T09:58:16","modified_gmt":"2014-09-07T09:58:16","slug":"projekti","status":"publish","type":"page","link":"http:\/\/ipsp.si\/?page_id=7","title":{"rendered":"Projekti"},"content":{"rendered":"<p><strong>Dolgoro\u010dni, kontinuirani projekti<\/strong><br \/>\nSodelovanje z <a href=\"http:\/\/www.ordinacija.net\/members\/www-pzs.php?mg_pzs_id=74&amp;lang=slo\" target=\"_blank\">ambulanto <em>Pro Bono<\/em><\/a> in <a href=\"http:\/\/www.kraljiulice.org\/\" target=\"_blank\">Dru\u0161tvom Kralji ulice<\/a> \u2013 izvajanje psihoterapevtskega in psihosocialnega svetovanja.<\/p>\n<p>V okviru In\u0161tituta \u017ee od za\u010detka prostovoljsko delujemo kot podporna pomo\u010d uporabnikom Dru\u0161tva Kralji ulice, in sicer na psihosocialnem podro\u010dju. Gre za uporabnike iz roba dru\u017ebe, ranljivo dru\u017ebeno skupino, ki jo Dru\u0161tvo z nizkopra\u017enim programom oskrbi iz vidika prehrane, dostopa do spletnih vsebin, vklju\u010devanjem v dru\u017ebene aktivnosti, IPPS pa jim ponuja \u0161e psihoterapevtsko in psihosocialno podporo, ki jo osebe iz dru\u017ebenega dna \u0161e kako potrebujejo. Uporabniki Dru\u0161tva so ve\u010dinoma brezdomni dr\u017eavljani, nekdanji obsojenci in osebe zasvojene s psihotropnimi snovmi. Delo poteka mese\u010dno in izvajanje psihoterapevtskega dela in psihosocialnih svetovanj ovrednotimo lahko kot uspe\u0161no, saj je vedno ve\u010d zanimanja za tovrstno pomo\u010d. Psihoterapevtsko delo poteka z uporabo razli\u010dnih terapevtskih pristopov, predvsem pa z metodo kognitivno vedenjske terapije, ki je v svetovnem merilu najve\u010dkrat validirana in ocenjena kot najbolj u\u010dinkovita psihoterapija, saj uporabnikom nudi takoj\u0161njo pomo\u010d pri prepoznavanju \u010dustvenega nelagodja zaradi neprilagojenih misli; pri spreminjanju bazi\u010dnih prepri\u010danj in prepoznavanju negativnih avtomatskih misli (NAM) ter pripomore njihovi modifikaciji. Ravno tako na prostovoljski ravni smo sodelovanje z ambulanto Pro Bono ustanovili v za\u010detku leta 2014, njihovi uporabniki so vsi brezposelni, ki so zaradi nesre\u010dnih okoli\u0161\u010din (likvidacija podjetja, ste\u010daji, redukcije, odpu\u0161\u010danja \u2026) izgubili osnovno zdravstveno zavarovanje. Pomo\u010d njihovim uporabnikom nudimo s pomo\u010djo kognitivno vedenjske terapije in drugih terapevtskih pristopov ter iz vidika psihosocialnega svetovanja. Pri svojem delu opa\u017eamo, da \u0161tevilo oseb, ki potrebujejo tovrstno pomo\u010d iz dneva v dan nara\u0161\u010da, saj je v sodobni razslojeni dru\u017ebi \u010dedalje ve\u010d ljudi v du\u0161evni stiski, v katero jih je pahnila neizprosna neoliberalna politika.<\/p>\n<p><strong>Projekt v pripravi<\/strong><br \/>\nRavno zaradi \u010dedalje ve\u010djega nabora brezposelnih oseb in sodr\u017eavljanov na robu pre\u017eivetja smo se odlo\u010dili spomladi 2015 organizirati terapevtske skupine v netipi\u010dnem oz. letovi\u0161kem okolju, za osebe z du\u0161evnimi motnjami in ljudi v du\u0161evni stiski, kjer bomo v po\u010ditni\u0161kem ambientu, poleg terapevtskega dela in svetovanja izvajali tudi razli\u010dne terapevtske delavnice. Poleti 2015 leta bomo organizirali tudi letovanja otrok iz socialno ogro\u017eenih dru\u017ein, ki jim bomo poleg po\u010ditni\u0161kih dejavnosti nudili tudi prosto\u010dasne delavnice (kreativno pisanje, slikanje, dramsko igro \u2026) ter \u0161portne aktivnosti. Na\u0161e delo temelji na prostovoljski pomo\u010di osebam v psihosocialni stiski, ki jo sodobna, individualno in tr\u017eno usmerjena dru\u017eba proizvaja.<\/p>\n<p><strong>Novi projekt<\/strong><\/p>\n<p>Kognita in\u0161titut za psihosocialno pomo\u010d je zaklju\u010dil raziskovalni projekt &#8211; U\u010dinki psihosocialnega svetovanja in kognitivno vedenjske psihoterapije na izbolj\u0161anje \u017eivljenjskih, vedenjskih in \u010dustvenih razmer uporabnikov Dru\u0161tva &#8220;Kralji ulice&#8221;. Projekt je potekal od januarja do konca avgusta 2014 in je zajemal populacijo ranljivo skupino &#8211; brezdomce. Spremenljivke v raziskovalnem delu so: odvisnost, zasvojenost, zaposlitev, zakonski status, nastanitev, zaposlitev, dru\u017ebena integracija. Celotna \u0161tudija raziskave bo v kratkem objavljena na straneh Kognita in\u0161tituta.<\/p>\n","protected":false},"excerpt":{"rendered":"<p>Dolgoro\u010dni, kontinuirani projekti Sodelovanje z ambulanto Pro Bono in Dru\u0161tvom Kralji ulice \u2013 izvajanje psihoterapevtskega in psihosocialnega svetovanja. V okviru In\u0161tituta \u017ee od za\u010detka prostovoljsko delujemo kot podporna pomo\u010d uporabnikom Dru\u0161tva Kralji ulice, in sicer na psihosocialnem podro\u010dju. Gre za uporabnike iz roba dru\u017ebe, ranljivo dru\u017ebeno skupino, ki jo Dru\u0161tvo z nizkopra\u017enim programom oskrbi iz [&hellip;]<\/p>\n","protected":false},"author":1,"featured_media":0,"parent":0,"menu_order":0,"comment_status":"closed","ping_status":"closed","template":"","meta":[],"_links":{"self":[{"href":"http:\/\/ipsp.si\/index.php?rest_route=\/wp\/v2\/pages\/7"}],"collection":[{"href":"http:\/\/ipsp.si\/index.php?rest_route=\/wp\/v2\/pages"}],"about":[{"href":"http:\/\/ipsp.si\/index.php?rest_route=\/wp\/v2\/types\/page"}],"author":[{"embeddable":true,"href":"http:\/\/ipsp.si\/index.php?rest_route=\/wp\/v2\/users\/1"}],"replies":[{"embeddable":true,"href":"http:\/\/ipsp.si\/index.php?rest_route=%2Fwp%2Fv2%2Fcomments&post=7"}],"version-history":[{"count":4,"href":"http:\/\/ipsp.si\/index.php?rest_route=\/wp\/v2\/pages\/7\/revisions"}],"predecessor-version":[{"id":79,"href":"http:\/\/ipsp.si\/index.php?rest_route=\/wp\/v2\/pages\/7\/revisions\/79"}],"wp:attachment":[{"href":"http:\/\/ipsp.si\/index.php?rest_route=%2Fwp%2Fv2%2Fmedia&parent=7"}],"curies":[{"name":"wp","href":"https:\/\/api.w.org\/{rel}","templated":true}]}}