{"id":2,"date":"2014-08-05T07:15:07","date_gmt":"2014-08-05T07:15:07","guid":{"rendered":"http:\/\/ipsp.si\/?page_id=2"},"modified":"2014-09-07T09:56:30","modified_gmt":"2014-09-07T09:56:30","slug":"sample-page","status":"publish","type":"page","link":"http:\/\/ipsp.si\/?page_id=2","title":{"rendered":"IPSP &#8211; KOGNITA"},"content":{"rendered":"<p><strong>Kaj predstavlja IPSP KOGNITA?<br \/>\nKognita\u00a0 <\/strong>in\u0161titut za psihosocialno pomo\u010d je bil ustanovljen 07. januarja 2013.\u00a0Njegova temeljna dejavnost je nehospitalno nudenje psihosocialne in psihoterapevtske pomo\u010di, raziskovalna dejavnost na podro\u010dju psihosocialne in psihoterapevtske pomo\u010di in priprava ter\u00a0izvajanje psihoterapevtskih in psihosocialnih programov.<\/p>\n<p><strong>Kaj ponuja IPSP KOGNITA?<br \/>\n<\/strong>Na podro\u010dju psihopatologije ponuja psihoterapevtsko in psihosocialno pomo\u010d uporabnikom z du\u0161evnimi motnjami in du\u0161evno stisko, na podro\u010dju raziskovanja ponuja sistemati\u010dno razvijanje znanstveno raziskovalno-razvojne dejavnosti na psihosocialnem podro\u010dju in raziskovalno\/razvojno dejavnost za podjetje Scriptio d.o.o., v okviru katerega deluje.<\/p>\n<p><strong>Psihoterapevtsko in psihosocialno svetovanje<\/strong><br \/>\nV okviru In\u0161tituta deluje psihoterapevtsko in psihosocialno svetovanje uporabnikom s psihi\u010dnimi motnjami in osebam v du\u0161evni stiski. Pri delu uporabljamo razli\u010dne terapevtske metode, predvsem kognitivno vedenjsko terapijo, ki je izjemno u\u010dinkovita, saj so pozitivni rezultati vidni \u017ee po nekaj tretmajih; po\u010dutje klientov se vidno izbolj\u0161a.<\/p>\n<p><strong>Raziskovalno delo<br \/>\n<\/strong>V okviru <strong>Kognita<\/strong> in\u0161tituta je iz\u0161la sociolo\u0161ka \u0161tudija <em>V ogledalu je nekaj narobe<\/em>; v knjigi so zbrane kolumne avtorice in predstojnice In\u0161tituta, Zuzanne Kraskove, ki se dotikajo socialne problematike na\u0161e sodobne dru\u017ebe, iz vidika zakonodaje, marginalizacije, ksenofobije itn.<\/p>\n<p>V pripravi je strokovna \u0161tudija o refleksiji oseb z du\u0161evnimi motnjami v specifi\u010dnem (nehospitalnem) okolju. Glede na \u017ee izvedene terapije v netipi\u010dnem (zunanjem, naravnem) okolju opa\u017eamo, da so vedenjski znaki oseb, ki se teh terapij udele\u017eujejo, spremenjeni; klienti so manj tesnobni, so pozitivno naravnani, optimisti\u010dni, dovzetni za nove ideje in dejanja. Na podlagi preu\u010devanih skupin in s pomo\u010djo upo\u0161tevanih spremenljivk pripravljamo \u0161tudijo o spremenjenih vedenjskih vzorcih, ki se pozitivno ka\u017eejo v \u017eivljenju teh posameznikov in \u0161ir\u0161e v dru\u017ebi.<\/p>\n<p><strong>Eti\u010dni kodeks<\/strong><br \/>\n<strong>Kognita<\/strong> in\u0161titut deluje v okviru skupnih na\u010del in vrednot, v smislu zaupanja in spo\u0161tovanja sodelavca kot so\u010dloveka, v smislu spo\u0161tljivega, doslednega in odgovornega odnosa do strank oz. klientov, in v smislu delovanja za dobrobit zaposlenih in dele\u017enikov ter za dru\u017ebeno dobro nasploh.<\/p>\n<p>&nbsp;<\/p>\n","protected":false},"excerpt":{"rendered":"<p>Kaj predstavlja IPSP KOGNITA? Kognita\u00a0 in\u0161titut za psihosocialno pomo\u010d je bil ustanovljen 07. januarja 2013.\u00a0Njegova temeljna dejavnost je nehospitalno nudenje psihosocialne in psihoterapevtske pomo\u010di, raziskovalna dejavnost na podro\u010dju psihosocialne in psihoterapevtske pomo\u010di in priprava ter\u00a0izvajanje psihoterapevtskih in psihosocialnih programov. Kaj ponuja IPSP KOGNITA? Na podro\u010dju psihopatologije ponuja psihoterapevtsko in psihosocialno pomo\u010d uporabnikom z du\u0161evnimi motnjami [&hellip;]<\/p>\n","protected":false},"author":1,"featured_media":0,"parent":0,"menu_order":0,"comment_status":"closed","ping_status":"closed","template":"","meta":[],"_links":{"self":[{"href":"http:\/\/ipsp.si\/index.php?rest_route=\/wp\/v2\/pages\/2"}],"collection":[{"href":"http:\/\/ipsp.si\/index.php?rest_route=\/wp\/v2\/pages"}],"about":[{"href":"http:\/\/ipsp.si\/index.php?rest_route=\/wp\/v2\/types\/page"}],"author":[{"embeddable":true,"href":"http:\/\/ipsp.si\/index.php?rest_route=\/wp\/v2\/users\/1"}],"replies":[{"embeddable":true,"href":"http:\/\/ipsp.si\/index.php?rest_route=%2Fwp%2Fv2%2Fcomments&post=2"}],"version-history":[{"count":6,"href":"http:\/\/ipsp.si\/index.php?rest_route=\/wp\/v2\/pages\/2\/revisions"}],"predecessor-version":[{"id":77,"href":"http:\/\/ipsp.si\/index.php?rest_route=\/wp\/v2\/pages\/2\/revisions\/77"}],"wp:attachment":[{"href":"http:\/\/ipsp.si\/index.php?rest_route=%2Fwp%2Fv2%2Fmedia&parent=2"}],"curies":[{"name":"wp","href":"https:\/\/api.w.org\/{rel}","templated":true}]}}